{"id":146,"date":"2018-02-09T21:47:44","date_gmt":"2018-02-09T20:47:44","guid":{"rendered":"http:\/\/zoo-osteo.ch\/?page_id=146"},"modified":"2020-11-18T22:14:49","modified_gmt":"2020-11-18T21:14:49","slug":"pour-qui","status":"publish","type":"page","link":"https:\/\/zoo-osteo.ch\/de\/pour-qui\/","title":{"rendered":"F\u00fcr wen ist Tierosteopathie praktikabel?"},"content":{"rendered":"\n<p>F\u00fcr Jeden!<\/p>\n\n\n\n<ul class=\"wp-block-list\"><li>Vom Kaninchen bis zum Elefanten, einschlie\u00dflich Katzen, Hunde, Pferde und Rind.<\/li><li>F\u00fcr Gesunde (Prophylaxe), f\u00fcr Rekonvaleszente, f\u00fcr Kranke.<\/li><li>F\u00fcr Sport- oder Arbeitstiere, f\u00fcr die \u201eetwas Gem\u00fctlicheren\u201c .<\/li><li>F\u00fcr die Jungen, f\u00fcr die Alten.<\/li><li>F\u00fcr die Nerv\u00f6sen, f\u00fcr die Ruhigeren.<\/li><li>F\u00fcr tr\u00e4chtige Tiere.<\/li><\/ul>\n","protected":false},"excerpt":{"rendered":"<p>F\u00fcr Jeden! Vom Kaninchen bis zum Elefanten, einschlie\u00dflich Katzen, Hunde, Pferde und Rind. F\u00fcr Gesunde (Prophylaxe), f\u00fcr Rekonvaleszente, f\u00fcr Kranke. F\u00fcr Sport- oder Arbeitstiere, f\u00fcr die \u201eetwas Gem\u00fctlicheren\u201c . F\u00fcr die Jungen, f\u00fcr die Alten. F\u00fcr die Nerv\u00f6sen, f\u00fcr die Ruhigeren. F\u00fcr tr\u00e4chtige Tiere.<\/p>\n","protected":false},"author":1,"featured_media":0,"parent":0,"menu_order":0,"comment_status":"closed","ping_status":"closed","template":"","meta":{"footnotes":""},"class_list":["post-146","page","type-page","status-publish","hentry"],"translation":{"provider":"WPGlobus","version":"3.0.0","language":"de","enabled_languages":["fr","de"],"languages":{"fr":{"title":true,"content":true,"excerpt":false},"de":{"title":true,"content":true,"excerpt":false}}},"_links":{"self":[{"href":"https:\/\/zoo-osteo.ch\/de\/wp-json\/wp\/v2\/pages\/146","targetHints":{"allow":["GET"]}}],"collection":[{"href":"https:\/\/zoo-osteo.ch\/de\/wp-json\/wp\/v2\/pages"}],"about":[{"href":"https:\/\/zoo-osteo.ch\/de\/wp-json\/wp\/v2\/types\/page"}],"author":[{"embeddable":true,"href":"https:\/\/zoo-osteo.ch\/de\/wp-json\/wp\/v2\/users\/1"}],"replies":[{"embeddable":true,"href":"https:\/\/zoo-osteo.ch\/de\/wp-json\/wp\/v2\/comments?post=146"}],"version-history":[{"count":12,"href":"https:\/\/zoo-osteo.ch\/de\/wp-json\/wp\/v2\/pages\/146\/revisions"}],"predecessor-version":[{"id":450,"href":"https:\/\/zoo-osteo.ch\/de\/wp-json\/wp\/v2\/pages\/146\/revisions\/450"}],"wp:attachment":[{"href":"https:\/\/zoo-osteo.ch\/de\/wp-json\/wp\/v2\/media?parent=146"}],"curies":[{"name":"wp","href":"https:\/\/api.w.org\/{rel}","templated":true}]}}