{"id":148,"date":"2018-02-09T21:52:03","date_gmt":"2018-02-09T20:52:03","guid":{"rendered":"http:\/\/zoo-osteo.ch\/?page_id=148"},"modified":"2020-11-18T22:14:11","modified_gmt":"2020-11-18T21:14:11","slug":"pour-quoi","status":"publish","type":"page","link":"https:\/\/zoo-osteo.ch\/de\/pour-quoi\/","title":{"rendered":"Wann ist Tierosteopathie anzuwenden?"},"content":{"rendered":"\n<ul class=\"wp-block-list\"><li>Bei Problemen mit Schmerzen, Lahmheit, falscher K\u00f6rperhaltung, Gleichgewichtst\u00f6rungen, Problemen bei der Verdauung,\u00a0 Verhaltensauff\u00e4lligkeiten, ver\u00e4nderte Fellstruktur, unerkl\u00e4rlichem Gewichtsverlust, Epilepsie, Essst\u00f6rungen, Hormonen, Schw\u00e4che, jede andere t\u00e4gliche Ver\u00e4nderung.<\/li><li>Als Unterst\u00fctzung oder Erg\u00e4nzung zur klassischen Therapie.<\/li><li>F\u00fcr chronische Probleme ohne Ursachen.<\/li><li>Kompensationen nach einer Fixierung wie Muskelkontrakturen, Nervenkompressionen usw. entfernen.<\/li><li>Nach einem Unfall oder einer Operation (auch orthop\u00e4disch).<\/li><li>F\u00fcr noch wachsende Tiere.<\/li><li>Sogar &#8222;gesunde&#8220; Tiere haben irgendwo Blockaden, die noch keine Symptome verursachen. Osteopathie wird in diesem Fall als Prophylaxe eingesetzt, um zu verhindern, dass sich im Laufe der Zeit ein Problem entwickelt.<\/li><\/ul>\n\n\n\n<p>Wenn Sie Fragen haben, kontaktieren Sie mich!<\/p>\n","protected":false},"excerpt":{"rendered":"<p>Bei Problemen mit Schmerzen, Lahmheit, falscher K\u00f6rperhaltung, Gleichgewichtst\u00f6rungen, Problemen bei der Verdauung,\u00a0 Verhaltensauff\u00e4lligkeiten, ver\u00e4nderte Fellstruktur, unerkl\u00e4rlichem Gewichtsverlust, Epilepsie, Essst\u00f6rungen, Hormonen, Schw\u00e4che, jede andere t\u00e4gliche Ver\u00e4nderung. Als Unterst\u00fctzung oder Erg\u00e4nzung zur klassischen Therapie. F\u00fcr chronische Probleme ohne Ursachen. Kompensationen nach einer Fixierung wie Muskelkontrakturen, Nervenkompressionen usw. entfernen. Nach einem Unfall oder einer Operation (auch orthop\u00e4disch). F\u00fcr &hellip; <\/p>\n<p class=\"link-more\"><a href=\"https:\/\/zoo-osteo.ch\/de\/pour-quoi\/\" class=\"more-link\"><span class=\"screen-reader-text\">\u201eWann ist Tierosteopathie anzuwenden?\u201c<\/span> weiterlesen<\/a><\/p>\n","protected":false},"author":1,"featured_media":0,"parent":0,"menu_order":0,"comment_status":"closed","ping_status":"closed","template":"","meta":{"footnotes":""},"class_list":["post-148","page","type-page","status-publish","hentry"],"translation":{"provider":"WPGlobus","version":"3.0.0","language":"de","enabled_languages":["fr","de"],"languages":{"fr":{"title":true,"content":true,"excerpt":false},"de":{"title":true,"content":true,"excerpt":false}}},"_links":{"self":[{"href":"https:\/\/zoo-osteo.ch\/de\/wp-json\/wp\/v2\/pages\/148","targetHints":{"allow":["GET"]}}],"collection":[{"href":"https:\/\/zoo-osteo.ch\/de\/wp-json\/wp\/v2\/pages"}],"about":[{"href":"https:\/\/zoo-osteo.ch\/de\/wp-json\/wp\/v2\/types\/page"}],"author":[{"embeddable":true,"href":"https:\/\/zoo-osteo.ch\/de\/wp-json\/wp\/v2\/users\/1"}],"replies":[{"embeddable":true,"href":"https:\/\/zoo-osteo.ch\/de\/wp-json\/wp\/v2\/comments?post=148"}],"version-history":[{"count":19,"href":"https:\/\/zoo-osteo.ch\/de\/wp-json\/wp\/v2\/pages\/148\/revisions"}],"predecessor-version":[{"id":449,"href":"https:\/\/zoo-osteo.ch\/de\/wp-json\/wp\/v2\/pages\/148\/revisions\/449"}],"wp:attachment":[{"href":"https:\/\/zoo-osteo.ch\/de\/wp-json\/wp\/v2\/media?parent=148"}],"curies":[{"name":"wp","href":"https:\/\/api.w.org\/{rel}","templated":true}]}}