{"id":172,"date":"2018-02-11T19:12:37","date_gmt":"2018-02-11T18:12:37","guid":{"rendered":"http:\/\/zoo-osteo.ch\/?page_id=172"},"modified":"2025-04-25T22:50:50","modified_gmt":"2025-04-25T20:50:50","slug":"liens","status":"publish","type":"page","link":"https:\/\/zoo-osteo.ch\/de\/liens\/","title":{"rendered":"Links"},"content":{"rendered":"\n<p><a rel=\"noreferrer noopener\" href=\"http:\/\/www.stoa-medicines.com\" target=\"_blank\">STOA-Medicines<\/a>&nbsp; (meine Tierosteopathie Schule)<\/p>\n\n\n\n<p><a href=\"http:\/\/www.gstsvs.ch\" target=\"_blank\" rel=\"noreferrer noopener\">Gesellschaft Schweizer Tier\u00e4rztinnen und Tier\u00e4rzte<\/a><\/p>\n\n\n\n<p><a href=\"http:\/\/www.camvet.ch\">CamVet <\/a>(Schweizerische Tier\u00e4rztliche Vereinigung<br>f\u00fcr Komplement\u00e4r- und Alternativmedizins)<\/p>\n\n\n\n<p><a href=\"http:\/\/www.paravet.ch\">ParaVet<\/a> (einige Tier\u00e4rzte in der Romandie, welche Komplement\u00e4rmedizin anbieten)<\/p>\n\n\n\n<p><a rel=\"noreferrer noopener\" href=\"http:\/\/www.vetosteo-grangier.ch\" target=\"_blank\">Val\u00e9rie Grangier<\/a>: osteopathische Tier\u00e4rztin FR<\/p>\n\n\n\n<p><a rel=\"noreferrer noopener\" href=\"http:\/\/www.siveo.ch\" target=\"_blank\">Sibylle Vernacchio<\/a>: osteopathische Tier\u00e4rztin BL<\/p>\n\n\n\n<p><a rel=\"noreferrer noopener\" href=\"http:\/\/www.tierarzt-osteopathie.ch\" target=\"_blank\">Katrin Haas<\/a>: osteopathische Tier\u00e4rztin LU<\/p>\n\n\n\n<p><a rel=\"noreferrer noopener\" href=\"http:\/\/www.osteopathie-fuer-tiere.ch\" target=\"_blank\">Felicitas Fehlmann<\/a>: osteopathische Tier\u00e4rztin ZH<\/p>\n\n\n\n<p>Camille Z\u00fcrcher: osteopathische Tier\u00e4rztin NE: 079 891 22 24<\/p>\n\n\n\n<p><a rel=\"noreferrer noopener\" href=\"http:\/\/www.orka-osteo.com\" target=\"_blank\">Andrea Stark<\/a>: osteopathische Tier\u00e4rztin FR<\/p>\n\n\n\n<p><a rel=\"noreferrer noopener\" href=\"http:\/\/www.osteopatier.ch\" target=\"_blank\">Regine Altwegg<\/a>: osteopathische Tier\u00e4rztin&nbsp; GR<\/p>\n\n\n\n<p><a rel=\"noreferrer noopener\" href=\"http:\/\/www.vethomeo.ch\" target=\"_blank\">Colette Pillonel<\/a>: Hom\u00f6o-, Verhalten-, Osteotier\u00e4rztin<\/p>\n\n\n\n<p><a rel=\"noreferrer noopener\" href=\"https:\/\/www.tierarztpraxis-spiegelberg.ch\/\" target=\"_blank\">Ditte Kindt<\/a>: physiotherapeutische Tier\u00e4rztin BE<\/p>\n\n\n\n<p>Marie-Line Francey: hom\u00f6opathische Tier\u00e4rztin: 079 922 52 10<\/p>\n\n\n\n<p><a rel=\"noreferrer noopener\" href=\"https:\/\/aktivstallschweiz.ch\/\" target=\"_blank\">Allegra Niggeler<\/a>: Pferdestall FR<\/p>\n\n\n\n<p>Fr\u00e9d\u00e9ric Pasquier: Hufschied: 079 219 50 52<\/p>\n\n\n\n<p>Manuela Ferraz: Pferde Zahn\u00e4rztin ohne An\u00e4sthesie: 079 310 49 76<\/p>\n\n\n\n<p><a rel=\"noreferrer noopener\" href=\"http:\/\/www.patturonat.ch\" target=\"_blank\">Ma\u00eblle Chardonnens<\/a>: Pferdeern\u00e4hrung, -phytotherapie, -massage<\/p>\n\n\n\n<p><a rel=\"noreferrer noopener\" href=\"http:\/\/millanimali.ch\" target=\"_blank\">Milena Tripodina<\/a>: Zootherapie<\/p>\n\n\n\n<p><a href=\"http:\/\/www.ausondelame.ch\">Mich\u00e8le Charri\u00e8re:<\/a> Tierkommunikation<\/p>\n\n\n\n<p>Anthony Forcina: Tierarztassistent TPA, kommt zu Ihnen, Medikamentegabe, Pflege, Tier-Sitting: 079 716 29 31<\/p>\n\n\n\n<p><a rel=\"noreferrer noopener\" href=\"http:\/\/www.valenthier.ch\" target=\"_blank\">Camille Sauthier<\/a>: Grafiker<\/p>\n\n\n\n<p><a rel=\"noreferrer noopener\" href=\"http:\/\/www.develek.ch\" target=\"_blank\">David Krattinger<\/a>: Elektrizit\u00e4t und Informatik<\/p>\n\n\n\n<p><a rel=\"noreferrer noopener\" href=\"http:\/\/www.djillhi.com\" target=\"_blank\">J\u00e9r\u00e9mie Poux<\/a>: Musikinstrumentenhersteller (Handpan)<\/p>\n","protected":false},"excerpt":{"rendered":"<p>STOA-Medicines&nbsp; (meine Tierosteopathie Schule) Gesellschaft Schweizer Tier\u00e4rztinnen und Tier\u00e4rzte CamVet (Schweizerische Tier\u00e4rztliche Vereinigungf\u00fcr Komplement\u00e4r- und Alternativmedizins) ParaVet (einige Tier\u00e4rzte in der Romandie, welche Komplement\u00e4rmedizin anbieten) Val\u00e9rie Grangier: osteopathische Tier\u00e4rztin FR Sibylle Vernacchio: osteopathische Tier\u00e4rztin BL Katrin Haas: osteopathische Tier\u00e4rztin LU Felicitas Fehlmann: osteopathische Tier\u00e4rztin ZH Camille Z\u00fcrcher: osteopathische Tier\u00e4rztin NE: 079 891 22 24 Andrea &hellip; <\/p>\n<p class=\"link-more\"><a href=\"https:\/\/zoo-osteo.ch\/de\/liens\/\" class=\"more-link\"><span class=\"screen-reader-text\">\u201eLinks\u201c<\/span> weiterlesen<\/a><\/p>\n","protected":false},"author":1,"featured_media":0,"parent":0,"menu_order":0,"comment_status":"closed","ping_status":"closed","template":"","meta":{"footnotes":""},"class_list":["post-172","page","type-page","status-publish","hentry"],"translation":{"provider":"WPGlobus","version":"3.0.0","language":"de","enabled_languages":["fr","de"],"languages":{"fr":{"title":true,"content":true,"excerpt":false},"de":{"title":true,"content":true,"excerpt":false}}},"_links":{"self":[{"href":"https:\/\/zoo-osteo.ch\/de\/wp-json\/wp\/v2\/pages\/172","targetHints":{"allow":["GET"]}}],"collection":[{"href":"https:\/\/zoo-osteo.ch\/de\/wp-json\/wp\/v2\/pages"}],"about":[{"href":"https:\/\/zoo-osteo.ch\/de\/wp-json\/wp\/v2\/types\/page"}],"author":[{"embeddable":true,"href":"https:\/\/zoo-osteo.ch\/de\/wp-json\/wp\/v2\/users\/1"}],"replies":[{"embeddable":true,"href":"https:\/\/zoo-osteo.ch\/de\/wp-json\/wp\/v2\/comments?post=172"}],"version-history":[{"count":27,"href":"https:\/\/zoo-osteo.ch\/de\/wp-json\/wp\/v2\/pages\/172\/revisions"}],"predecessor-version":[{"id":561,"href":"https:\/\/zoo-osteo.ch\/de\/wp-json\/wp\/v2\/pages\/172\/revisions\/561"}],"wp:attachment":[{"href":"https:\/\/zoo-osteo.ch\/de\/wp-json\/wp\/v2\/media?parent=172"}],"curies":[{"name":"wp","href":"https:\/\/api.w.org\/{rel}","templated":true}]}}