{"id":24,"date":"2018-01-25T20:51:08","date_gmt":"2018-01-25T19:51:08","guid":{"rendered":"http:\/\/zoo-osteo.ch\/?page_id=24"},"modified":"2025-11-13T22:32:07","modified_gmt":"2025-11-13T21:32:07","slug":"a-propos","status":"publish","type":"page","link":"https:\/\/zoo-osteo.ch\/de\/a-propos\/","title":{"rendered":"Ueber mich"},"content":{"rendered":"\n<figure class=\"wp-block-gallery alignright columns-1 is-cropped wp-block-gallery-1 is-layout-flex wp-block-gallery-is-layout-flex\"><ul class=\"blocks-gallery-grid\"><li class=\"blocks-gallery-item\"><figure><img loading=\"lazy\" decoding=\"async\" width=\"1024\" height=\"678\" src=\"http:\/\/zoo-osteo.ch\/wp-content\/uploads\/2018\/01\/DSC_0015-1024x678.jpg\" alt=\"\" data-id=\"34\" data-full-url=\"http:\/\/zoo-osteo.ch\/wp-content\/uploads\/2018\/01\/DSC_0015.jpg\" data-link=\"http:\/\/zoo-osteo.ch\/galerie\/dsc_0015\/\" class=\"wp-image-34\" srcset=\"https:\/\/zoo-osteo.ch\/wp-content\/uploads\/2018\/01\/DSC_0015-1024x678.jpg 1024w, https:\/\/zoo-osteo.ch\/wp-content\/uploads\/2018\/01\/DSC_0015-300x199.jpg 300w, https:\/\/zoo-osteo.ch\/wp-content\/uploads\/2018\/01\/DSC_0015-768x509.jpg 768w\" sizes=\"auto, (max-width: 706px) 89vw, (max-width: 767px) 82vw, 740px\" \/><\/figure><\/li><\/ul><\/figure>\n\n\n\n<p>Ich hei\u00dfe Vincent Schraner und bin seit 2009 diplomierter Tierarzt mit dem Schwerpunkt Nutztier. Seit meinem Studiumabschluss arbeite ich auch t\u00e4glich mit Kleintieren und Pferden, sodass ich auch dort fundierte Kenntnisse erworben habe. Zuerst arbeitete ich im Kanton Thurgau, danach kehrte ich in die Westschweiz zur\u00fcck.<\/p>\n\n\n\n<p>Nach mehreren Jahren \u00abklassicher Schulmedizin\u00bb suchte ich nach einer erg\u00e4nzenden Therapiemethode. Dies fand ich in der Osteopathie. Diese alternative Therapieform erg\u00e4nzt die klassische Tiermedizin bestens und es bereitet mir viel Freude, seit 2016 sie anwenden zu d\u00fcrfen\/k\u00f6nnen. <\/p>\n\n\n\n<p>Zus\u00e4zlich teile ich regelm\u00e4ssig an Fortbildungen \u00fcber Tierosteopathie an.<\/p>\n","protected":false},"excerpt":{"rendered":"<p>Ich hei\u00dfe Vincent Schraner und bin seit 2009 diplomierter Tierarzt mit dem Schwerpunkt Nutztier. Seit meinem Studiumabschluss arbeite ich auch t\u00e4glich mit Kleintieren und Pferden, sodass ich auch dort fundierte Kenntnisse erworben habe. Zuerst arbeitete ich im Kanton Thurgau, danach kehrte ich in die Westschweiz zur\u00fcck. Nach mehreren Jahren \u00abklassicher Schulmedizin\u00bb suchte ich nach einer &hellip; <\/p>\n<p class=\"link-more\"><a href=\"https:\/\/zoo-osteo.ch\/de\/a-propos\/\" class=\"more-link\"><span class=\"screen-reader-text\">\u201eUeber mich\u201c<\/span> weiterlesen<\/a><\/p>\n","protected":false},"author":1,"featured_media":0,"parent":0,"menu_order":0,"comment_status":"closed","ping_status":"closed","template":"","meta":{"footnotes":""},"class_list":["post-24","page","type-page","status-publish","hentry"],"translation":{"provider":"WPGlobus","version":"3.0.0","language":"de","enabled_languages":["fr","de"],"languages":{"fr":{"title":true,"content":true,"excerpt":false},"de":{"title":true,"content":true,"excerpt":false}}},"_links":{"self":[{"href":"https:\/\/zoo-osteo.ch\/de\/wp-json\/wp\/v2\/pages\/24","targetHints":{"allow":["GET"]}}],"collection":[{"href":"https:\/\/zoo-osteo.ch\/de\/wp-json\/wp\/v2\/pages"}],"about":[{"href":"https:\/\/zoo-osteo.ch\/de\/wp-json\/wp\/v2\/types\/page"}],"author":[{"embeddable":true,"href":"https:\/\/zoo-osteo.ch\/de\/wp-json\/wp\/v2\/users\/1"}],"replies":[{"embeddable":true,"href":"https:\/\/zoo-osteo.ch\/de\/wp-json\/wp\/v2\/comments?post=24"}],"version-history":[{"count":19,"href":"https:\/\/zoo-osteo.ch\/de\/wp-json\/wp\/v2\/pages\/24\/revisions"}],"predecessor-version":[{"id":538,"href":"https:\/\/zoo-osteo.ch\/de\/wp-json\/wp\/v2\/pages\/24\/revisions\/538"}],"wp:attachment":[{"href":"https:\/\/zoo-osteo.ch\/de\/wp-json\/wp\/v2\/media?parent=24"}],"curies":[{"name":"wp","href":"https:\/\/api.w.org\/{rel}","templated":true}]}}