{"id":8,"date":"2018-01-25T20:33:35","date_gmt":"2018-01-25T19:33:35","guid":{"rendered":"http:\/\/zoo-osteo.ch\/?page_id=8"},"modified":"2025-11-13T22:33:40","modified_gmt":"2025-11-13T21:33:40","slug":"accueil","status":"publish","type":"page","link":"https:\/\/zoo-osteo.ch\/de\/","title":{"rendered":"Startseite"},"content":{"rendered":"\n<p>Vincent Schraner, diplomierter Tierarzt, med vet, mit Zusatzausbildung in der Veterin\u00e4rosteopathie, bietet seine Dienste f\u00fcr Tierostopathie f\u00fcr alle Tierarten im Kanton Fribourg und weiter.<\/p>\n\n\n\n<p>F\u00fcr Nutztiere und Pferde finden die Konsultationen direkt in den St\u00e4llen statt. F\u00fcr Kleintiere k\u00f6nnen Sprechstunden in der Praxis in Giffers vereinbart werden. \u00a0Heimsprechstunden sind auf Anfrage m\u00f6glich.<\/p>\n\n\n\n<p>Kostenpunkt zwischen 90 bis 150 CHF je nach Tierart.<\/p>\n\n\n\n<p>Weitere Informationen finden Sie bei den entsprechenden Links.<\/p>\n\n\n\n<p>F\u00fcr Fragen und Terminvereinbarungen k\u00f6nnen Sie mich unter der Telefonnummer  077 413 53 93 (WhatsApp, SMS, Tel) kontaktieren.<\/p>\n\n\n\n<p><\/p>\n\n\n\n<p>zoo-osteo &#8212; Vincent Schraner &#8212; Oberdorfstrasse 15, 1735 Giffers &#8212; 077 413 53 93 &#8212; vincent.schraner@gmail.com<\/p>\n","protected":false},"excerpt":{"rendered":"<p>Vincent Schraner, diplomierter Tierarzt, med vet, mit Zusatzausbildung in der Veterin\u00e4rosteopathie, bietet seine Dienste f\u00fcr Tierostopathie f\u00fcr alle Tierarten im Kanton Fribourg und weiter. F\u00fcr Nutztiere und Pferde finden die Konsultationen direkt in den St\u00e4llen statt. F\u00fcr Kleintiere k\u00f6nnen Sprechstunden in der Praxis in Giffers vereinbart werden. \u00a0Heimsprechstunden sind auf Anfrage m\u00f6glich. Kostenpunkt zwischen 90 &hellip; <\/p>\n<p class=\"link-more\"><a href=\"https:\/\/zoo-osteo.ch\/de\/\" class=\"more-link\"><span class=\"screen-reader-text\">\u201eStartseite\u201c<\/span> weiterlesen<\/a><\/p>\n","protected":false},"author":1,"featured_media":0,"parent":0,"menu_order":0,"comment_status":"closed","ping_status":"closed","template":"","meta":{"footnotes":""},"class_list":["post-8","page","type-page","status-publish","hentry"],"translation":{"provider":"WPGlobus","version":"3.0.0","language":"de","enabled_languages":["fr","de"],"languages":{"fr":{"title":true,"content":true,"excerpt":false},"de":{"title":true,"content":true,"excerpt":false}}},"_links":{"self":[{"href":"https:\/\/zoo-osteo.ch\/de\/wp-json\/wp\/v2\/pages\/8","targetHints":{"allow":["GET"]}}],"collection":[{"href":"https:\/\/zoo-osteo.ch\/de\/wp-json\/wp\/v2\/pages"}],"about":[{"href":"https:\/\/zoo-osteo.ch\/de\/wp-json\/wp\/v2\/types\/page"}],"author":[{"embeddable":true,"href":"https:\/\/zoo-osteo.ch\/de\/wp-json\/wp\/v2\/users\/1"}],"replies":[{"embeddable":true,"href":"https:\/\/zoo-osteo.ch\/de\/wp-json\/wp\/v2\/comments?post=8"}],"version-history":[{"count":44,"href":"https:\/\/zoo-osteo.ch\/de\/wp-json\/wp\/v2\/pages\/8\/revisions"}],"predecessor-version":[{"id":568,"href":"https:\/\/zoo-osteo.ch\/de\/wp-json\/wp\/v2\/pages\/8\/revisions\/568"}],"wp:attachment":[{"href":"https:\/\/zoo-osteo.ch\/de\/wp-json\/wp\/v2\/media?parent=8"}],"curies":[{"name":"wp","href":"https:\/\/api.w.org\/{rel}","templated":true}]}}