{"id":84,"date":"2018-01-28T18:33:16","date_gmt":"2018-01-28T17:33:16","guid":{"rendered":"http:\/\/zoo-osteo.ch\/?page_id=84"},"modified":"2022-12-12T21:38:38","modified_gmt":"2022-12-12T20:38:38","slug":"osteopathie-quoi","status":"publish","type":"page","link":"https:\/\/zoo-osteo.ch\/de\/osteopathie-quoi\/","title":{"rendered":"Was ist Osteopathie?"},"content":{"rendered":"\n<p>Osteopathie ist eine ausschlie\u00dflich manuelle Medizin, die die klassische Medizin erg\u00e4nzt. Sie basiert auf der Bewegung des Lebenden.<\/p>\n\n\n\n<p>Wahrscheinlich existiert sie seit Urbeginn, die &#8222;moderne&#8220; Osteopathie wurde 1874 neu geschaffen. Erstellt von A.T. Still f\u00fcr Menschen, wurde es gegen Ende des 20. Jahrhunderts f\u00fcr Tiere angepasst.<\/p>\n\n\n\n<p>Der Zweck ist es, die nat\u00fcrliche Bewegung des K\u00f6rpergewebes sowie seine Flexibilit\u00e4t und Vitalit\u00e4t aufrecht zu erhalten oder wieder herzustellen. Durch die Techniken entfernt der Osteopath die Fixierungen, die die nat\u00fcrliche Bewegung und Funktion verhindern und f\u00f6rdert so eine gute Durchblutung und Innervation. Daher hat das Gewebe alle Voraussetzungen, um sich selbst heilen zu k\u00f6nnen.<\/p>\n\n\n\n<p>Wenn die Struktur eines Gewebes besch\u00e4digt wird, leidet auch seine Funktion. Wenn umgekehrt die Funktion gest\u00f6rt ist, \u00e4ndert die Zeit ihre Struktur. Wir behandeln nicht nur Symptome, sondern betrachten das Tier als Ganzes und suchen von dort aus nach der Quelle der Fixierung. Dies kann mechanisch (Gelenke), viszeral (innere Organe), geweblich (Muskeln \/ Sehnen, B\u00e4nder, Faszien, Nerven, Gef\u00e4\u00dfe), emotional, psychisch, energetisch sein.<\/p>\n\n\n\n<p>Der Osteopath hat nur seine H\u00e4nde zur Verf\u00fcgung, um das Problem zu finden und zu l\u00f6sen. Er entwickelt den Tastsinn (den jeder auch entwickeln kann!). Tats\u00e4chlich benutzen wir im Alltag unsere H\u00e4nde &#8222;nur&#8220; zum Nehmen, Greifen, Halten usw. und selten zum &#8222;F\u00fchlen&#8220;, wie es eine sehbehinderte Person&nbsp;tun k\u00f6nnte.<\/p>\n\n\n\n<p>Ein kleiner Exkurs: auf die gleiche Weise gelingt es dem \u00d6nologen (Weinspezialisten), im Wein seine Herkunft, seine Zusammensetzung, sein Alter usw. zu &#8222;lesen&#8220;, oder ein Dirigent schafft es, den Klang eines bestimmten Instruments unter allen anderen zu &#8222;filtern&#8220;. Der Osteopath kann verschiedene Gewebe (Knochen, Muskeln, Bindegewebe und andere Weichteile, Organe) und Bewegungen \u201ef\u00fchlen\u201c.<\/p>\n\n\n\n<p>Osteopathie ist therapeutisch, aber man sagt auch, dass sie prophylaktisch ist. Das hei\u00dft, dass der Osteopath durch seine Techniken die ordnungsgem\u00e4\u00dfe Funktion eines Organs unterst\u00fctzt, beispielsweise bevor sich ein Problem ausl\u00f6sen kann oder wenn es bereits vorhanden ist, bevor Symptome wie Lahmheit, Verdauungsprobleme usw. auftreten. Manchmal ist die Krankheit unvermeidlich, aber der Osteopath kann den kritischen Moment des Organversagens verz\u00f6gern.<\/p>\n\n\n\n<p>Die Inanspruchnahme eines osteopathischen Tierarztes ist ein wesentlicher Vorteil, da er in erster Linie als Tierarzt \u00fcber alle wissenschaftlichen und medizinischen Kenntnisse verf\u00fcgt. Er kann dann beurteilen, ob es sich um einen Fall von Medizin oder Osteopathie handelt. Es ist auch nicht ausgeschlossen, dass der osteopathische Tierarzt weiterhin entz\u00fcndungshemmende Medikamente, Antibiotika, eine R\u00f6ntgenaufnahme oder sogar eine Operation verschreibt.<\/p>\n","protected":false},"excerpt":{"rendered":"<p>Osteopathie ist eine ausschlie\u00dflich manuelle Medizin, die die klassische Medizin erg\u00e4nzt. Sie basiert auf der Bewegung des Lebenden. Wahrscheinlich existiert sie seit Urbeginn, die &#8222;moderne&#8220; Osteopathie wurde 1874 neu geschaffen. Erstellt von A.T. Still f\u00fcr Menschen, wurde es gegen Ende des 20. Jahrhunderts f\u00fcr Tiere angepasst. Der Zweck ist es, die nat\u00fcrliche Bewegung des K\u00f6rpergewebes &hellip; <\/p>\n<p class=\"link-more\"><a href=\"https:\/\/zoo-osteo.ch\/de\/osteopathie-quoi\/\" class=\"more-link\"><span class=\"screen-reader-text\">\u201eWas ist Osteopathie?\u201c<\/span> weiterlesen<\/a><\/p>\n","protected":false},"author":1,"featured_media":0,"parent":0,"menu_order":0,"comment_status":"closed","ping_status":"closed","template":"","meta":{"footnotes":""},"class_list":["post-84","page","type-page","status-publish","hentry"],"translation":{"provider":"WPGlobus","version":"3.0.0","language":"de","enabled_languages":["fr","de"],"languages":{"fr":{"title":true,"content":true,"excerpt":false},"de":{"title":true,"content":true,"excerpt":false}}},"_links":{"self":[{"href":"https:\/\/zoo-osteo.ch\/de\/wp-json\/wp\/v2\/pages\/84","targetHints":{"allow":["GET"]}}],"collection":[{"href":"https:\/\/zoo-osteo.ch\/de\/wp-json\/wp\/v2\/pages"}],"about":[{"href":"https:\/\/zoo-osteo.ch\/de\/wp-json\/wp\/v2\/types\/page"}],"author":[{"embeddable":true,"href":"https:\/\/zoo-osteo.ch\/de\/wp-json\/wp\/v2\/users\/1"}],"replies":[{"embeddable":true,"href":"https:\/\/zoo-osteo.ch\/de\/wp-json\/wp\/v2\/comments?post=84"}],"version-history":[{"count":20,"href":"https:\/\/zoo-osteo.ch\/de\/wp-json\/wp\/v2\/pages\/84\/revisions"}],"predecessor-version":[{"id":541,"href":"https:\/\/zoo-osteo.ch\/de\/wp-json\/wp\/v2\/pages\/84\/revisions\/541"}],"wp:attachment":[{"href":"https:\/\/zoo-osteo.ch\/de\/wp-json\/wp\/v2\/media?parent=84"}],"curies":[{"name":"wp","href":"https:\/\/api.w.org\/{rel}","templated":true}]}}